{"id":9,"date":"2018-12-29T17:39:17","date_gmt":"2018-12-29T17:39:17","guid":{"rendered":"http:\/\/daniel-erfle.de\/?page_id=9"},"modified":"2019-01-01T19:00:01","modified_gmt":"2019-01-01T19:00:01","slug":"start-aktuell","status":"publish","type":"page","link":"https:\/\/daniel-erfle.de\/","title":{"rendered":"Start"},"content":{"rendered":"\n<p>Neben dem Material\nHolz finde ich mit Papier Ende der neunziger Jahre ein weiteres ad\u00e4quates\nMedium.<\/p>\n\n\n\n<p>Aus ganzen\nB\u00f6gen rei\u00dfe ich dunkle Raumzeichen, Endlosschleifen, raumgreifende\nSchicksalsknoten oder labyrinthische Figurationen. Manche dieser Plastiken \u00fcbertrage\nich in Ma\u00dfst\u00e4be von mehreren Metern als Rauminstallationen.<\/p>\n\n\n\n<p>An die Stelle\nder Zeichnung, aber formal mit ihr verwandt, tritt zunehmend der Papierriss: eine\nCollage mit gerissenen schwarzen Zeichen auf wei\u00dfem Grund.<\/p>\n","protected":false},"excerpt":{"rendered":"<p>Neben dem Material Holz finde ich mit Papier Ende der neunziger Jahre ein weiteres ad\u00e4quates Medium. Aus ganzen B\u00f6gen rei\u00dfe ich dunkle Raumzeichen, Endlosschleifen, raumgreifende Schicksalsknoten oder labyrinthische Figurationen. Manche dieser Plastiken \u00fcbertrage ich in Ma\u00dfst\u00e4be von mehreren Metern als Rauminstallationen. An die Stelle der Zeichnung, aber formal mit ihr verwandt, tritt zunehmend der Papierriss: &hellip; <\/p>\n<p class=\"link-more\"><a href=\"https:\/\/daniel-erfle.de\/\" class=\"more-link\"><span class=\"screen-reader-text\">\u201eStart\u201c<\/span> weiterlesen<\/a><\/p>\n","protected":false},"author":1,"featured_media":0,"parent":0,"menu_order":0,"comment_status":"closed","ping_status":"closed","template":"","meta":{"footnotes":""},"class_list":["post-9","page","type-page","status-publish","hentry"],"_links":{"self":[{"href":"https:\/\/daniel-erfle.de\/index.php?rest_route=\/wp\/v2\/pages\/9","targetHints":{"allow":["GET"]}}],"collection":[{"href":"https:\/\/daniel-erfle.de\/index.php?rest_route=\/wp\/v2\/pages"}],"about":[{"href":"https:\/\/daniel-erfle.de\/index.php?rest_route=\/wp\/v2\/types\/page"}],"author":[{"embeddable":true,"href":"https:\/\/daniel-erfle.de\/index.php?rest_route=\/wp\/v2\/users\/1"}],"replies":[{"embeddable":true,"href":"https:\/\/daniel-erfle.de\/index.php?rest_route=%2Fwp%2Fv2%2Fcomments&post=9"}],"version-history":[{"count":3,"href":"https:\/\/daniel-erfle.de\/index.php?rest_route=\/wp\/v2\/pages\/9\/revisions"}],"predecessor-version":[{"id":198,"href":"https:\/\/daniel-erfle.de\/index.php?rest_route=\/wp\/v2\/pages\/9\/revisions\/198"}],"wp:attachment":[{"href":"https:\/\/daniel-erfle.de\/index.php?rest_route=%2Fwp%2Fv2%2Fmedia&parent=9"}],"curies":[{"name":"wp","href":"https:\/\/api.w.org\/{rel}","templated":true}]}}