{"id":47,"date":"2018-12-31T16:22:32","date_gmt":"2018-12-31T16:22:32","guid":{"rendered":"http:\/\/daniel-erfle.de\/?page_id=47"},"modified":"2025-10-19T15:46:08","modified_gmt":"2025-10-19T15:46:08","slug":"termine","status":"publish","type":"page","link":"https:\/\/daniel-erfle.de\/?page_id=47","title":{"rendered":"Termine"},"content":{"rendered":"\r\n<table class=\"wp-block-table\" style=\"height: 5101px;\" width=\"579\">\r\n<tbody>\r\n\r\n<tr>\r\n<td>\r\n<p>19.10. &#8211; 09.11.2025<\/p>\r\n<\/td>\r\n<td>\r\n<p><strong>72. Jahresausstellung<br \/><\/strong> <a href=\"https:\/\/www.kunstverein-villingen-schwenningen.de\" target=\"_blank\" rel=\"noopener noreferrer\">Kunstverein Villingen-Schwenningen<\/a><br \/>\r\nEr\u00f6ffnung 19.10.2025, 12:00 Uhr, im Franziskanermuseum, Stadtbezirk Villingen.\r\n<\/p>\r\n<\/td>\r\n<\/tr>\r\n\r\n<tr>\r\n<td>\r\n<p>24.05. &#8211; 05.10.2025<\/p>\r\n<\/td>\r\n<td>\r\n<p>\r\n<strong>FREI WOLLEN WIR SEIN<br \/><\/strong>\r\nModerne Kunst und das Jahr 2025<br \/>\r\nGalerie im Gotischen haus und Museum im Bock<br \/>\r\nLeutkirch im Allg&auml;<br \/>\r\n<a href=\"http:\/\/www.leutkirch.de\/\" target=\"_blank\" rel=\"noopener noreferrer\">leutkirch.de<\/a>\r\n<\/p>\r\n<\/td>\r\n<\/tr>\r\n\r\n<tr>\r\n<td>\r\n<p>05.10. &#8211; 10.11.2024<\/p>\r\n<\/td>\r\n<td>\r\n<p>\r\n<strong>Jubil\u00e4umsausstellung<br \/><\/strong>\r\nGalerie im Altbau, Aldingen<br \/>\r\nUhlandstra&szlig;e 32, 78554 Aldingen<br \/>\r\n<a href=\"http:\/\/galerie-im-altbau.de\/\" target=\"_blank\" rel=\"noopener noreferrer\">galerie-im-altbau.de<\/a>\r\n<\/p>\r\n<\/td>\r\n<\/tr>\r\n\r\n\r\n<tr>\r\n<td>\r\n<p>06.07. &#8211; 08.09.2024<\/p>\r\n<\/td>\r\n<td>\r\n<p>\r\n<strong>Experimentelle 20\/2024<br \/><\/strong>\r\nGottmadingen, Schloss Randegg \r\n<\/td>\r\n<\/tr>\r\n<tr>\r\n<td>\r\n<p>15.06. &#8211; 07.07.2024<\/p>\r\n<\/td>\r\n<td>\r\n<p>\r\n<strong>Donaueschinger Regionale<br \/><\/strong> \r\nDonauhallen, Bartok-Saal<br \/>\r\n<a href=\"https:\/\/www.donaueschingen.de\/\" target=\"_blank\" rel=\"noopener noreferrer\">www.donaueschingen.de<\/a>\r\n<\/p>\r\n<\/td>\r\n<\/tr>\r\n<tr>\r\n<td>\r\n<p>07.06. &#8211; 12.07.2024<\/p>\r\n<\/td>\r\n<td>\r\n<p>\r\n<strong>Die Neuen &#8211; Neuerwerbungen aus der Kunstsammlung des Landkreises Tuttlingen 2019-2023<br \/><\/strong> \r\n<a href=\"https:\/\/www.landkreis-tuttlingen.de\/\" target=\"_blank\" rel=\"noopener noreferrer\">www.landkreis-tuttlingen.de<\/a>\r\n<\/p>\r\n<\/td>\r\n<\/tr>\r\n<tr>\r\n<td>\r\n<p>09.06. &#8211; 16.07.2023<\/p>\r\n<\/td>\r\n<td>\r\n<p>\r\n<strong>WAAGERECHT \u2013 SENKRECHT<br \/><\/strong> \r\nHildegard Elma \/ Daniel Erfle<br \/>\r\nIM RAHMEN DES JAHRESPROGRAMMS SINE TEMPORE<br \/>\r\n<a href=\"https:\/\/www.brotfabrik-berlin.de\/\" target=\"_blank\" rel=\"noopener noreferrer\">Brotfabrik Berlin<\/a>, Caligariplatz 1, 13086 Berlin<br \/>\r\n<br \/>\r\n<strong>Er\u00f6ffnung der Ausstellung:<\/strong> 09. Juni 2023, 19 Uhr<br \/>\r\n<strong>F\u00fchrung f\u00fcr Blinde und Sehbeeintr\u00e4chtigte:<\/strong> 10. Juni 2023, 16 \u2013 18 Uhr<br \/>\r\n<strong>Finissage:<\/strong> 16. Juli 20233, 16 Uhr<br \/>\r\nZur Ausstellung werden akustische Bildbeschreibungen f\u00fcr Blinde und Sehbeeintr\u00e4chtigte angeboten.<br \/>\r\nEintritt frei<br \/>\r\n\u00d6ffnungszeiten der Galerie: t\u00e4glich 12 \u2013 20 Uhr<br \/>\r\n<\/p>\r\n<\/td>\r\n<\/tr>\r\n<tr>\r\n<td>\r\n<p>16.12.2022 &#8211; 29.01.2023<\/p>\r\n<\/td>\r\n<td>\r\n<p>\r\n<strong>FUSIONEN<br \/><\/strong> \r\naus Anlass des 50j&auml;hrigen Stadtjubil&auml;ums Villingen-Schwenningen<br \/>\r\nin der St&auml;dtische Galerie Villingen-Schwenningen, Friedrich-Ebert-Stra&szlig;e 35.<br \/>\r\n<br \/>\r\n<strong>Vernissage: Donnerstag, 15. Dezember 2022, 19 Uhr<\/strong><br \/> in der DHBW, Geb&auml;ude B, Raum Zuse im EG, Friedrich-Ebert-Stra&szlig;e 32<br \/>\r\nBegr&uuml;&szlig;ung: Dr. Helmut Kury, Einf&uuml;hrung: Stefan R&ouml;&szlig;ler<br \/>\r\n<\/p>\r\n<\/td>\r\n<\/tr>\r\n<tr>\r\n<td>\r\n<p>09.12.2022 &#8211; 08.01.2023<\/p>\r\n<\/td>\r\n<td>\r\n<p>\r\n<strong>ZEIT-ZWISCHEN-RAUM<br \/><\/strong> \r\nDramatische Installation<br \/>\r\nPapierplastiken und Papierrisse<br \/>\r\nKom\u00f6dienhaus am Viehmarktplatz, Biberach an der Riss<br \/>\r\n<br \/>\r\n<strong>Vernissage: Donnerstag, 08. Dezember 2022, 19 Uhr<\/strong><br \/>\r\nEinf\u00fchrung: K\u00fcnstlergespr\u00e4ch &#8211; Der K\u00fcnstler ist anwesend.<br \/>\r\nF\u00fchrung mit dem K\u00fcnstler: Sonntag, 08. Januar 2023<br \/>\r\n<a href=\"https:\/\/www.kunstverein-biberach.de\/\" target=\"_blank\" rel=\"noopener noreferrer\">Kunstverein Biberach e.V.<\/a>\r\n<\/p>\r\n<\/td>\r\n<\/tr>\r\n<tr>\r\n<td>\r\n<p>02.06.2022 &#8211; 28.08.2022<\/p>\r\n<\/td>\r\n<td>\r\n<p><strong>Experimentelle 22<br \/><\/strong> Amstetten, Nieder\u00f6sterreich<br \/><a href=\"https:\/\/www.foekuhei-gottmadingen.de\/\" target=\"_blank\" rel=\"noopener noreferrer\">F\u00f6rderkreis f\u00fcr Kultur und Heimatgeschichte e.V. Gottmadingen<\/a><\/p>\r\n<\/td>\r\n<\/tr>\r\n<tr>\r\n<td>\r\n<p>13.05.2022 &#8211; 05.06.2022<\/p>\r\n<\/td>\r\n<td>\r\n<p><strong>Donaueschinger Regionale<br \/><\/strong>Donaueschingen<br \/><a href=\"https:\/\/www.donaueschingen.de\/donaueschingerregionale\" target=\"_blank\" rel=\"noopener noreferrer\">www.donaueschingen.de<\/a><\/p>\r\n<\/td>\r\n<\/tr>\r\n<tr>\r\n<td>\r\n<p>11.12.2021 &#8211; 02.01.2022<\/p>\r\n<\/td>\r\n<td>\r\n<p><strong>Jahresausstellung<br \/><\/strong> <a href=\"https:\/\/www.galerie-tuttlingen.de\" target=\"_blank\" rel=\"noopener noreferrer\">Galerie der Stadt Tuttlingen<\/a><\/p>\r\n<\/td>\r\n<\/tr>\r\n<tr>\r\n<td>\r\n<p>14.11.2021 &#8211; 02.01.2022<\/p>\r\n<\/td>\r\n<td>\r\n<p><strong>&#8222;kugelrund&#8220;<br \/><\/strong> Forum Kunst Rottweil<br \/>Eine Ausstellung der Mitglieder und Freude des Kunstvereins<br \/><a href=\"http:\/\/www.forumkunstrottweil.de\" target=\"_blank\" rel=\"noopener noreferrer\">Forum Kunst Rottweil<\/a><\/p>\r\n<\/td>\r\n<\/tr>\r\n<tr>\r\n<td>\r\n<p>24.10.2021 &#8211; 14.11.2021<\/p>\r\n<\/td>\r\n<td>\r\n<p><strong>68. Jahresausstellung<br \/><\/strong> <a href=\"https:\/\/www.kunstverein-villingen-schwenningen.de\" target=\"_blank\" rel=\"noopener noreferrer\">Kunstverein Villingen-Schwenningen<\/a><\/p>\r\n<\/td>\r\n<\/tr>\r\n<tr>\r\n<td>\r\n<p>20.09.2020 &#8211; 23.10.2020<br \/>Er\u00f6ffnung: <br \/>20.09.2020, 11:00 Uhr<\/p>\r\n<\/td>\r\n<td>\r\n<p><strong>DA-ZWISCHEN<br \/><\/strong>Vernissage im Schlosskeller, Austellung im Schloss Donzdorf<br \/><br \/>Papier-Plastiken \/ Papier-Risse<br \/><a href=\"https:\/\/www.donzdorf.de\/kultur-freizeit\/kultur-vereine\/ausstellungen.html\" target=\"_blank\" rel=\"noopener noreferrer\">donzdorf.de<\/a><\/p>\r\n<\/td>\r\n<\/tr>\r\n<tr>\r\n<td>23.11.2019 &#8211; 19.01.2020<br \/>Er\u00f6ffnung: <br \/>22.11.2019, 19.30 Uhr<\/td>\r\n<td><strong>Strand-Fuge<\/strong><br \/>Papier-Plastiken \/ Installation<br \/><a href=\"http:\/\/www.podiumkunst.com\/\" target=\"_blank\" rel=\"noopener noreferrer\">PODIUM KUNST Schramberg<\/a><\/td>\r\n<\/tr>\r\n<tr>\r\n<td>14.03.2019 &#8211; 18.04.2019<\/td>\r\n<td><strong>DA-ZWISCHEN IN-ZWISCHEN ZWISCHEN-DURCH<\/strong><br \/>Landratsamt Tuttlingen, Foyer<br \/><a href=\"https:\/\/www.landkreis-tuttlingen.de\/\">https:\/\/www.landkreis-tuttlingen.de\/<\/a><\/td>\r\n<\/tr>\r\n<tr>\r\n<td>04.11.2018 &#8211; 25.11.2018<\/td>\r\n<td><strong>DIALOGE<\/strong><br \/>65 Jahre Kunstverein Villingen-Schwenningen<\/td>\r\n<\/tr>\r\n<tr>\r\n<td>20.07.2018 &#8211; 26.08.2018<\/td>\r\n<td><strong>Experimentelle 20<\/strong><br \/>Thayngen, CH<br \/><a href=\"https:\/\/www.galerie-titus-koch.de\/\">https:\/\/www.galerie-titus-koch.de\/<\/a><\/td>\r\n<\/tr>\r\n<tr>\r\n<td>26.05.2018 &#8211; 30.06.2018<\/td>\r\n<td><strong>v e r w a n d t<\/strong><br \/>Verena Erfle und Daniel Erfle<br \/>Malerei und Plastik<br \/>Galerie f\u00fcr Zeitgen\u00f6ssische Kunst<br \/>Bild+Rahmen<br \/><a href=\"http:\/\/www.ulilang.de\/\">http:\/\/www.ulilang.de\/<\/a><\/td>\r\n<\/tr>\r\n<tr>\r\n<td>28.03.2018 &#8211; 13.05.2018<\/td>\r\n<td><strong>Begegnung im Raum<\/strong><br \/>Hildegard Elma und Daniel Erfle<br \/>Papier &#8211; Skulpturen und gro\u00dfformatige Aquarelle.<br \/>www.kultur-rottenburg.de<\/td>\r\n<\/tr>\r\n<tr>\r\n<td>10.09.2017 &#8211; 24.09.2017<\/td>\r\n<td><strong>Zwischen R\u00e4ume<\/strong><br \/>Stephanie Tangerding und Daniel Erfle<br \/>In den Schwarzenbergs\u00e4alen und Schlosskeller, <br \/>Schloss Tiengen, Waldshut-Tiengen<br \/>www.freundeschlosstiengen.de<\/td>\r\n<\/tr>\r\n<tr>\r\n<td>14.06.2017 &#8211; 02.07.2017<\/td>\r\n<td><strong>Donaueschinger Regionale 2017<\/strong><br \/>www.donaueschingen.de<\/td>\r\n<\/tr>\r\n<tr>\r\n<td>29.04.2017 &#8211; 05.06.2017<\/td>\r\n<td><strong>Flux-Str\u00f6mung<\/strong><br \/>Installation in der Abbaye Romane d&#8217;Alspach Kaysersberg<br \/>www.amis-abbaye-alspach.org<\/td>\r\n<\/tr>\r\n<tr>\r\n<td>06.11.2016 &#8211; 06.11.2016<\/td>\r\n<td><strong> Jahresausstellung Kunstverein<\/strong><br \/>Villingen-Schwenningen<br \/>www.kunstverein-villingen-schwenningen.de<\/td>\r\n<\/tr>\r\n<tr>\r\n<td>01.07.2016 &#8211; 11.09.2016<\/td>\r\n<td><strong>Experimentelle 19<\/strong><br \/>Schloss Randegg, Gottmadingen-Randegg<br \/>www.galerie-titus-koch.de<\/td>\r\n<\/tr>\r\n<tr>\r\n<td>09.10.2015 &#8211; 07.02.2016<\/td>\r\n<td><strong>Merci<\/strong><br \/>Kunst in der Villa 2001-2015<br \/>Waldshut-Tiengen<\/td>\r\n<\/tr>\r\n<tr>\r\n<td>26.09.2015 &#8211; 15.11.2015<\/td>\r\n<td><strong>T-Raum Resonanz<\/strong><br \/>Galerie im Altbau, Aldingen<br \/>www.galerie-im-altbau.de<\/td>\r\n<\/tr>\r\n<tr>\r\n<td>12.09.2015 &#8211; 11.10.2015<\/td>\r\n<td><strong>Schlaf-los<\/strong><br \/>Kunstraum 34, Stuttgart<br \/>www.kunstraum34.de<\/td>\r\n<\/tr>\r\n<tr>\r\n<td>26.06.2015 &#8211; 11.09.2015<\/td>\r\n<td><strong>PAPIER III DIMENSIONAL<\/strong><br \/>Stadtgalerie Markdorf,<br \/>Erfle\/Morat\/Pellenz<br \/>www.kunstverein-markdorf.de<\/td>\r\n<\/tr>\r\n<tr>\r\n<td>13.06.2015 &#8211; 05.07.2015<\/td>\r\n<td><strong>Donaueschinger Regionale<\/strong><br \/>www.donaueschingen.de<\/td>\r\n<\/tr>\r\n<tr>\r\n<td>06.02.2015 &#8211; 28.03.2015<\/td>\r\n<td><strong>Auf\/aus Papier<\/strong><br \/>J\u00fcrgen Klugmann und Daniel Erfle<br \/>in der Galerie Pro Arte, Ulm<br \/>www.proarte-ulmer-kunststiftung.de<\/td>\r\n<\/tr>\r\n<tr>\r\n<td>26.10.2014 &#8211; 16.11.2014<\/td>\r\n<td><strong>Jahresausstellung<\/strong><br \/>Kunstverein Villingen-Schwenningen<\/td>\r\n<\/tr>\r\n<tr>\r\n<td>10.10.2014 &#8211; 16.11.2014<\/td>\r\n<td><strong>Tastentage 2014<\/strong><br \/>Resonanzen<br \/>Zehntstadel Leipheim<br \/>www.zehntstadel-leipheim.de<\/td>\r\n<\/tr>\r\n<tr>\r\n<td>29.09.2014 &#8211; 20.11.2014<\/td>\r\n<td><strong>Experimentelle &#8211; Nachschlag<\/strong><br \/>Regierungspr\u00e4sidium Freiburg<br \/>www.rp-freiburg.de<\/td>\r\n<\/tr>\r\n<tr>\r\n<td>13.09.2014 &#8211; 06.01.2015<\/td>\r\n<td><strong>PAPIERART &#8211; Im Spannungsfeld von K\u00f6rper und Raum<\/strong><br \/>Galerie Stihl Waiblingen<br \/>www.galerie-stihl-waiblingen.de<\/td>\r\n<\/tr>\r\n<tr>\r\n<td>19.07.2014 &#8211; 14.09.2014<\/td>\r\n<td><strong>9 plus eins &#8211; 10 Jahre Galerie Thron<\/strong><br \/>Reutlingen<br \/>www.galerie-thron.de<\/td>\r\n<\/tr>\r\n<tr>\r\n<td>13.06.2014 &#8211; 19.10.2014<\/td>\r\n<td><strong>Experimentelle 18<\/strong><br \/>Bad Schussenried &#8211; Kloster Schussenried<\/td>\r\n<\/tr>\r\n<tr>\r\n<td>10.05.2014 &#8211; 06.07.2014<\/td>\r\n<td><strong>Andreas Heinrich Adler &amp; Daniel Erfle<\/strong><br \/>Neue Galerie Kloster Bronnbach, Wertheim<br \/>www.kloster-bronnbach.de<\/td>\r\n<\/tr>\r\n<tr>\r\n<td>05.05.2014 &#8211; 28.06.2014<\/td>\r\n<td><strong>Duktus und Raster<\/strong><br \/>Hildegard Elma &amp; Daniel Erfle<br \/>In Aquarell und Plastik<br \/>Dengler und Dengler, Galerie f\u00fcr sch\u00f6ne K\u00fcnste, <br \/>Rosenbergstra\u00dfe 102A, Stuttgart<br \/>www.denglerunddengler.de<\/td>\r\n<\/tr>\r\n<tr>\r\n<td>April 2014<\/td>\r\n<td><strong>Cella<\/strong><br \/>Daniel Erfle<br \/>Eine Installation im kleinsten Ausstellungshaus<br \/>f\u00fcr zeitgen\u00f6ssische Kunst in Baden-W\u00fcrttemberg<br \/>Kunstd\u00fcnger e.V., Rottweil-Hausen, Pflumholzstra\u00dfe 11<br \/>www.kunstduenger-rottweil.de<\/td>\r\n<\/tr>\r\n<tr>\r\n<td>17.01.2014 &#8211; 28.02.2014<\/td>\r\n<td><strong>ZWIE &#8211; SPRACHE<\/strong><br \/>Daniel Erfle<br \/>Objekte aus Papier, Installation<br \/>Sudhaus T\u00fcbingen, Galerie Peripherie<br \/>www.sudhaus-tuebingen.de \/ www.galerie-peripherie.de<\/td>\r\n<\/tr>\r\n<tr>\r\n<td>01.10.2013 &#8211; 17.11.2013<\/td>\r\n<td><strong>FARBE RAUM OBJEKT<\/strong><br \/>Hildegard Elma und Daniel Erfle<br \/>Galerien f\u00fcr Kunst und Technik, Schorndorf<\/td>\r\n<\/tr>\r\n<tr>\r\n<td>15.09.2013 &#8211; 13.10.2013<\/td>\r\n<td><strong>Daniel Erfle &#8211; Plasiken und Papierrisse<\/strong><br \/>Kunstverein DAS DAMIANSTOR Bruchsal e.V.<br \/>www.damianstor.de<\/td>\r\n<\/tr>\r\n<tr>\r\n<td>09.06.2013 &#8211; 19.07.2013<\/td>\r\n<td><strong>Der Welt gegen\u00fcber<\/strong><br \/>Ulrich Brauchle, Malerei<br \/>Daniel Erfle, Plastik<br \/>Galerie Thron, Reutlingen<br \/>www.galerie-thron.de<\/td>\r\n<\/tr>\r\n<tr>\r\n<td>18.11.2012 &#8211; 16.12.2012<\/td>\r\n<td><strong>Profile<\/strong><br \/>Daniel Erfle &#8211; Papierrisse, Papierobjekte<br \/>Helmut Anton Zirkelbach &#8211; Radierungen, Bildobjekte<br \/>GEZ Zirkelbach &#8211; Malerei, Collage<br \/>St\u00e4dtische Galerie Filderstadt<br \/>www.kuefi.de<\/td>\r\n<\/tr>\r\n<tr>\r\n<td>03.11.2012 &#8211; 16.12.2012<\/td>\r\n<td><strong>Daniel Erfle &#8211; Plastiken, Papierrisse<br \/>Beatrice Adler &#8211; Malerei<br \/>Christa Frey &#8211; Malerei, Grafik<\/strong><br \/>Kunstpalais Badenweiler<br \/>www.kunstpalais-badenweiler.de<\/td>\r\n<\/tr>\r\n<tr>\r\n<td>08.07.2012 &#8211; 01.09.2012<\/td>\r\n<td><strong>J\u00fcrgen Klugmann &#8211; Zeichnung, Malerei<br \/>Daniel Erfle &#8211; Plastik, Papierriss<\/strong><br \/>Galerie Uli Lang &#8211; Galerie f\u00fcr zeitgen\u00f6ssische Kunst<br \/>Biberach\/Riss<br \/>www.ulilang.de<\/td>\r\n<\/tr>\r\n<tr>\r\n<td>April 2012<\/td>\r\n<td><strong>3 Profile<\/strong><br \/>GEZ Zirkelbach, Helm Zirkelbach, Daniel Erfle <br \/>St\u00e4dtische Galerie Filderstadt <br \/>www.staedtische-galerie-filderstadt.de<\/td>\r\n<\/tr>\r\n<tr>\r\n<td>26.02.2012 &#8211; 14.04.2012<\/td>\r\n<td><strong>Daniel Erfle &#8211; T-RAUM-REUSEN<\/strong><br \/>Plastiken und Papierrisse<br \/>St\u00e4dtische Galerie im Turm<br \/>Donaueschingen<br \/>www.donaueschingen.de<\/td>\r\n<\/tr>\r\n<tr>\r\n<td>15.01.2012 &#8211; 05.02.2012<\/td>\r\n<td><strong>Daniel Erfle &#8211; Papierplastiken<br \/>Hans Siethoff &#8211; Fotomontagen<\/strong><br \/>Galerie Kirchner, Gr\u00fcnsfeld<\/td>\r\n<\/tr>\r\n<tr>\r\n<td>21.10.2011 &#8211; 20.11.2011<\/td>\r\n<td><strong>Daniel Erfle &#8211; Plastiken und Papierrisse<\/strong><br \/>Galerie der Stadt Tuttlingen<br \/>Kunstkreis Tuttlingen e.V.<\/td>\r\n<\/tr>\r\n<tr>\r\n<td>08.04.2011 &#8211; 01.05.2011<\/td>\r\n<td><strong>Donaueschinger Regionale <\/strong><br \/>www.donaueschingen.de<\/td>\r\n<\/tr>\r\n<tr>\r\n<td>2010<\/td>\r\n<td><strong>Drei<\/strong><br \/>Hans-Uwe H\u00e4hn, Sabine Krusche und Daniel Erfle<br \/>Dorfgemeinschaftshaus Kolbingen<\/td>\r\n<\/tr>\r\n<tr>\r\n<td>2010<\/td>\r\n<td><strong>Durchgang 9+1<\/strong><br \/>Zeitgen\u00f6ssische Kunst in Ulmer und Neu-Ulmer Kirche<\/td>\r\n<\/tr>\r\n<tr>\r\n<td>2010<\/td>\r\n<td><strong>Das Quadrat<\/strong><br \/>Hans-Uwe H\u00e4hn und Daniel Erfle<br \/>Forum K\u00f6nigsfeld im Haus des Gastes<br \/>K\u00f6nigsfeld<\/td>\r\n<\/tr>\r\n<tr>\r\n<td>2009<\/td>\r\n<td><strong>Menschliche Zeichen<\/strong><br \/>Daniel Erfle, Plastiken und Papierrisse<br \/>Ehemalige Augustiner Klosterkirche<br \/>Oberndorf a.N.<\/td>\r\n<\/tr>\r\n<tr>\r\n<td>2007<\/td>\r\n<td><strong>Orte des Seins<\/strong><br \/>Daniel Erfle, Plastiken und Papierrisse<br \/>Galerie Uli Lang, Biberach\/Riss<\/td>\r\n<\/tr>\r\n<tr>\r\n<td>2007<\/td>\r\n<td><strong>Vestigia Crucis<\/strong><br \/>Gegenwartskunst in 14 kath. und evang. Kirchen im Landkreis <br \/>Tuttlingen<\/td>\r\n<\/tr>\r\n<\/tbody>\r\n<\/table>\r\n<p><!--more--><\/p>\r\n<p><!--more--><\/p>\r\n","protected":false},"excerpt":{"rendered":"<p>19.10. &#8211; 09.11.2025 72. Jahresausstellung Kunstverein Villingen-Schwenningen Er\u00f6ffnung 19.10.2025, 12:00 Uhr, im Franziskanermuseum, Stadtbezirk Villingen. 24.05. &#8211; 05.10.2025 FREI WOLLEN WIR SEIN Moderne Kunst und das Jahr 2025 Galerie im Gotischen haus und Museum im Bock Leutkirch im Allg&auml; leutkirch.de 05.10. &#8211; 10.11.2024 Jubil\u00e4umsausstellung Galerie im Altbau, Aldingen Uhlandstra&szlig;e 32, 78554 Aldingen galerie-im-altbau.de 06.07. &#8211; &hellip; <\/p>\n<p class=\"link-more\"><a href=\"https:\/\/daniel-erfle.de\/?page_id=47\" class=\"more-link\"><span class=\"screen-reader-text\">\u201eTermine\u201c<\/span> weiterlesen<\/a><\/p>\n","protected":false},"author":1,"featured_media":0,"parent":0,"menu_order":0,"comment_status":"closed","ping_status":"closed","template":"","meta":{"footnotes":""},"class_list":["post-47","page","type-page","status-publish","hentry"],"_links":{"self":[{"href":"https:\/\/daniel-erfle.de\/index.php?rest_route=\/wp\/v2\/pages\/47","targetHints":{"allow":["GET"]}}],"collection":[{"href":"https:\/\/daniel-erfle.de\/index.php?rest_route=\/wp\/v2\/pages"}],"about":[{"href":"https:\/\/daniel-erfle.de\/index.php?rest_route=\/wp\/v2\/types\/page"}],"author":[{"embeddable":true,"href":"https:\/\/daniel-erfle.de\/index.php?rest_route=\/wp\/v2\/users\/1"}],"replies":[{"embeddable":true,"href":"https:\/\/daniel-erfle.de\/index.php?rest_route=%2Fwp%2Fv2%2Fcomments&post=47"}],"version-history":[{"count":64,"href":"https:\/\/daniel-erfle.de\/index.php?rest_route=\/wp\/v2\/pages\/47\/revisions"}],"predecessor-version":[{"id":1253,"href":"https:\/\/daniel-erfle.de\/index.php?rest_route=\/wp\/v2\/pages\/47\/revisions\/1253"}],"wp:attachment":[{"href":"https:\/\/daniel-erfle.de\/index.php?rest_route=%2Fwp%2Fv2%2Fmedia&parent=47"}],"curies":[{"name":"wp","href":"https:\/\/api.w.org\/{rel}","templated":true}]}}