{"id":4,"date":"2018-12-29T17:39:17","date_gmt":"2018-12-29T17:39:17","guid":{"rendered":"http:\/\/daniel-erfle.de\/?page_id=4"},"modified":"2021-12-28T19:42:57","modified_gmt":"2021-12-28T19:42:57","slug":"papierrisse","status":"publish","type":"page","link":"https:\/\/daniel-erfle.de\/?page_id=4","title":{"rendered":"Papierrisse"},"content":{"rendered":"\r\n<p>Die Papierrisse, Zeichnungen verwandt, \u00fcberschreiten durch ihre Mehrschichtigkeit und Materialit\u00e4t meist die Grenze der Zweidimensionalit\u00e4t.<br \/><br \/><em>Ripped\/Torn Paper<br \/>Like powerful drawings, the torn paper series transcends two-dimensionality with their ambiguity and multilayered application.<\/em><\/p>\r\n\t\t\t<style>\n                #foogallery-gallery-213.fg-simple_portfolio {\n                    justify-content: flex-start;\n                }\n                #foogallery-gallery-213.fg-simple_portfolio .fg-item {\n                    flex-basis: 150px;\n                    margin: 5px;\n                }\n\t\t\t<\/style>\n\t\t\t<div class=\"foogallery foogallery-container foogallery-simple_portfolio foogallery-lightbox-foobox fg-simple_portfolio fg-light fg-border-thin fg-shadow-outline fg-loading-default fg-loaded-fade-in fg-caption-always fg-hover-fade fg-hover-zoom fg-ready fg-caption-always\" id=\"foogallery-gallery-213\" data-foogallery=\"{&quot;item&quot;:{&quot;showCaptionTitle&quot;:false,&quot;showCaptionDescription&quot;:true},&quot;lazy&quot;:true}\" >\n\t<div class=\"fg-item fg-type-image fg-idle\"><figure class=\"fg-item-inner\"><a href=\"https:\/\/daniel-erfle.de\/wp-content\/uploads\/2019\/01\/papierrisse01-e1546362149337.jpg\" target=\"foobox\" data-caption-title=\"Aus der Serie &quot;Da-zwischen&quot; - 2007 - Gr\u00f6\u00dfe 42x27cm\" data-attachment-id=\"156\" class=\"foogallery-thumb  fg-thumb\" data-type=\"image\"><span class=\"fg-image-wrap\"><img decoding=\"async\" title=\"Aus der Serie &quot;Da-zwischen&quot; - 2007 - Gr\u00f6\u00dfe 42x27cm\" class=\"bf-img skip-lazy fg-image\" height=\"150\" width=\"150\" data-src-fg=\"https:\/\/daniel-erfle.de\/wp-content\/uploads\/cache\/2019\/01\/papierrisse01-e1546362149337\/3573661885.jpg\" src=\"data:image\/svg+xml,%3Csvg%20xmlns%3D%22http%3A%2F%2Fwww.w3.org%2F2000%2Fsvg%22%20width%3D%22150%22%20height%3D%22150%22%20viewBox%3D%220%200%20150%20150%22%3E%3C%2Fsvg%3E\" loading=\"eager\"><\/span><span class=\"fg-image-overlay\"><\/span><\/a><figcaption class=\"fg-caption\"><div class=\"fg-caption-inner\"><\/div><\/figcaption><\/figure><div class=\"fg-loader\"><\/div><\/div><div class=\"fg-item fg-type-image fg-idle\"><figure class=\"fg-item-inner\"><a href=\"https:\/\/daniel-erfle.de\/wp-content\/uploads\/2019\/01\/papierrisse07-e1546362167321.jpg\" target=\"foobox\" data-caption-title=\"Aus der Serie &quot;Da-zwischen&quot; - 2007 - Gr\u00f6\u00dfe 42x27cm\" data-attachment-id=\"155\" class=\"foogallery-thumb  fg-thumb\" data-type=\"image\"><span class=\"fg-image-wrap\"><img decoding=\"async\" title=\"Aus der Serie &quot;Da-zwischen&quot; - 2007 - Gr\u00f6\u00dfe 42x27cm\" class=\"bf-img skip-lazy fg-image\" height=\"150\" width=\"150\" data-src-fg=\"https:\/\/daniel-erfle.de\/wp-content\/uploads\/cache\/2019\/01\/papierrisse07-e1546362167321\/1847327251.jpg\" src=\"data:image\/svg+xml,%3Csvg%20xmlns%3D%22http%3A%2F%2Fwww.w3.org%2F2000%2Fsvg%22%20width%3D%22150%22%20height%3D%22150%22%20viewBox%3D%220%200%20150%20150%22%3E%3C%2Fsvg%3E\" loading=\"eager\"><\/span><span class=\"fg-image-overlay\"><\/span><\/a><figcaption class=\"fg-caption\"><div class=\"fg-caption-inner\"><\/div><\/figcaption><\/figure><div class=\"fg-loader\"><\/div><\/div><div class=\"fg-item fg-type-image fg-idle\"><figure class=\"fg-item-inner\"><a href=\"https:\/\/daniel-erfle.de\/wp-content\/uploads\/2019\/01\/papierrisse06-e1546362192138.jpg\" target=\"foobox\" data-caption-title=\"Aus der Serie &quot;Da-zwischen&quot; - 2007 - Gr\u00f6\u00dfe 42x27cm\" data-attachment-id=\"154\" class=\"foogallery-thumb  fg-thumb\" data-type=\"image\"><span class=\"fg-image-wrap\"><img decoding=\"async\" title=\"Aus der Serie &quot;Da-zwischen&quot; - 2007 - Gr\u00f6\u00dfe 42x27cm\" class=\"bf-img skip-lazy fg-image\" height=\"150\" width=\"150\" data-src-fg=\"https:\/\/daniel-erfle.de\/wp-content\/uploads\/cache\/2019\/01\/papierrisse06-e1546362192138\/1539481881.jpg\" src=\"data:image\/svg+xml,%3Csvg%20xmlns%3D%22http%3A%2F%2Fwww.w3.org%2F2000%2Fsvg%22%20width%3D%22150%22%20height%3D%22150%22%20viewBox%3D%220%200%20150%20150%22%3E%3C%2Fsvg%3E\" loading=\"eager\"><\/span><span class=\"fg-image-overlay\"><\/span><\/a><figcaption class=\"fg-caption\"><div class=\"fg-caption-inner\"><\/div><\/figcaption><\/figure><div class=\"fg-loader\"><\/div><\/div><div class=\"fg-item fg-type-image fg-idle\"><figure class=\"fg-item-inner\"><a href=\"https:\/\/daniel-erfle.de\/wp-content\/uploads\/2019\/01\/papierrisse05-e1546362209699.jpg\" target=\"foobox\" data-caption-title=\"Aus der Serie &quot;Da-zwischen&quot; - 2007 - Gr\u00f6\u00dfe 42x27cm\" data-attachment-id=\"153\" class=\"foogallery-thumb  fg-thumb\" data-type=\"image\"><span class=\"fg-image-wrap\"><img decoding=\"async\" title=\"Aus der Serie &quot;Da-zwischen&quot; - 2007 - Gr\u00f6\u00dfe 42x27cm\" class=\"bf-img skip-lazy fg-image\" height=\"150\" width=\"150\" data-src-fg=\"https:\/\/daniel-erfle.de\/wp-content\/uploads\/cache\/2019\/01\/papierrisse05-e1546362209699\/1199981804.jpg\" src=\"data:image\/svg+xml,%3Csvg%20xmlns%3D%22http%3A%2F%2Fwww.w3.org%2F2000%2Fsvg%22%20width%3D%22150%22%20height%3D%22150%22%20viewBox%3D%220%200%20150%20150%22%3E%3C%2Fsvg%3E\" loading=\"eager\"><\/span><span class=\"fg-image-overlay\"><\/span><\/a><figcaption class=\"fg-caption\"><div class=\"fg-caption-inner\"><\/div><\/figcaption><\/figure><div class=\"fg-loader\"><\/div><\/div><div class=\"fg-item fg-type-image fg-idle\"><figure class=\"fg-item-inner\"><a href=\"https:\/\/daniel-erfle.de\/wp-content\/uploads\/2019\/01\/papierrisse04-e1546362222943.jpg\" target=\"foobox\" data-caption-title=\"Aus der Serie &quot;Da-zwischen&quot; - 2007 - Gr\u00f6\u00dfe 42x27cm\" data-attachment-id=\"152\" class=\"foogallery-thumb  fg-thumb\" data-type=\"image\"><span class=\"fg-image-wrap\"><img decoding=\"async\" title=\"Aus der Serie &quot;Da-zwischen&quot; - 2007 - Gr\u00f6\u00dfe 42x27cm\" class=\"bf-img skip-lazy fg-image\" height=\"150\" width=\"150\" data-src-fg=\"https:\/\/daniel-erfle.de\/wp-content\/uploads\/cache\/2019\/01\/papierrisse04-e1546362222943\/600001097.jpg\" src=\"data:image\/svg+xml,%3Csvg%20xmlns%3D%22http%3A%2F%2Fwww.w3.org%2F2000%2Fsvg%22%20width%3D%22150%22%20height%3D%22150%22%20viewBox%3D%220%200%20150%20150%22%3E%3C%2Fsvg%3E\" loading=\"eager\"><\/span><span class=\"fg-image-overlay\"><\/span><\/a><figcaption class=\"fg-caption\"><div class=\"fg-caption-inner\"><\/div><\/figcaption><\/figure><div class=\"fg-loader\"><\/div><\/div><div class=\"fg-item fg-type-image fg-idle\"><figure class=\"fg-item-inner\"><a href=\"https:\/\/daniel-erfle.de\/wp-content\/uploads\/2019\/01\/papierrisse03-e1546362245860.jpg\" target=\"foobox\" data-caption-title=\"Aus der Serie &quot;Da-zwischen&quot; - 2007 - Gr\u00f6\u00dfe 42x27cm\" data-attachment-id=\"151\" class=\"foogallery-thumb  fg-thumb\" data-type=\"image\"><span class=\"fg-image-wrap\"><img decoding=\"async\" title=\"Aus der Serie &quot;Da-zwischen&quot; - 2007 - Gr\u00f6\u00dfe 42x27cm\" class=\"bf-img skip-lazy fg-image\" height=\"150\" width=\"150\" data-src-fg=\"https:\/\/daniel-erfle.de\/wp-content\/uploads\/cache\/2019\/01\/papierrisse03-e1546362245860\/3847145046.jpg\" src=\"data:image\/svg+xml,%3Csvg%20xmlns%3D%22http%3A%2F%2Fwww.w3.org%2F2000%2Fsvg%22%20width%3D%22150%22%20height%3D%22150%22%20viewBox%3D%220%200%20150%20150%22%3E%3C%2Fsvg%3E\" loading=\"eager\"><\/span><span class=\"fg-image-overlay\"><\/span><\/a><figcaption class=\"fg-caption\"><div class=\"fg-caption-inner\"><\/div><\/figcaption><\/figure><div class=\"fg-loader\"><\/div><\/div><\/div>\r\n","protected":false},"excerpt":{"rendered":"<p>Die Papierrisse, Zeichnungen verwandt, \u00fcberschreiten durch ihre Mehrschichtigkeit und Materialit\u00e4t meist die Grenze der Zweidimensionalit\u00e4t. Ripped\/Torn PaperLike powerful drawings, the torn paper series transcends two-dimensionality with their ambiguity and multilayered application.<\/p>\n","protected":false},"author":1,"featured_media":0,"parent":0,"menu_order":0,"comment_status":"closed","ping_status":"closed","template":"","meta":{"footnotes":""},"class_list":["post-4","page","type-page","status-publish","hentry"],"_links":{"self":[{"href":"https:\/\/daniel-erfle.de\/index.php?rest_route=\/wp\/v2\/pages\/4","targetHints":{"allow":["GET"]}}],"collection":[{"href":"https:\/\/daniel-erfle.de\/index.php?rest_route=\/wp\/v2\/pages"}],"about":[{"href":"https:\/\/daniel-erfle.de\/index.php?rest_route=\/wp\/v2\/types\/page"}],"author":[{"embeddable":true,"href":"https:\/\/daniel-erfle.de\/index.php?rest_route=\/wp\/v2\/users\/1"}],"replies":[{"embeddable":true,"href":"https:\/\/daniel-erfle.de\/index.php?rest_route=%2Fwp%2Fv2%2Fcomments&post=4"}],"version-history":[{"count":18,"href":"https:\/\/daniel-erfle.de\/index.php?rest_route=\/wp\/v2\/pages\/4\/revisions"}],"predecessor-version":[{"id":1226,"href":"https:\/\/daniel-erfle.de\/index.php?rest_route=\/wp\/v2\/pages\/4\/revisions\/1226"}],"wp:attachment":[{"href":"https:\/\/daniel-erfle.de\/index.php?rest_route=%2Fwp%2Fv2%2Fmedia&parent=4"}],"curies":[{"name":"wp","href":"https:\/\/api.w.org\/{rel}","templated":true}]}}